{"id":122,"date":"2020-11-23T16:21:16","date_gmt":"2020-11-23T16:21:16","guid":{"rendered":"http:\/\/alexander-manhart.com\/?page_id=122"},"modified":"2022-06-02T17:01:42","modified_gmt":"2022-06-02T17:01:42","slug":"begleitung","status":"publish","type":"page","link":"https:\/\/alexander-manhart.com\/?page_id=122","title":{"rendered":"Begleitung"},"content":{"rendered":"\n<div class=\"wp-block-media-text alignwide is-stacked-on-mobile is-vertically-aligned-center\"><figure class=\"wp-block-media-text__media\"><img loading=\"lazy\" decoding=\"async\" width=\"640\" height=\"426\" src=\"http:\/\/alexander-manhart.com\/wp-content\/uploads\/2020\/11\/girl-1357485_640.jpg\" alt=\"\" class=\"wp-image-127 size-full\" srcset=\"https:\/\/alexander-manhart.com\/wp-content\/uploads\/2020\/11\/girl-1357485_640.jpg 640w, https:\/\/alexander-manhart.com\/wp-content\/uploads\/2020\/11\/girl-1357485_640-300x200.jpg 300w\" sizes=\"auto, (max-width: 640px) 100vw, 640px\" \/><\/figure><div class=\"wp-block-media-text__content\">\n<p>Im Laufe der letzten 13 Jahre habe ich viele Menschen in jeweils unterschiedlichen Kontext kommen und gehen sehen, alles ganz unterschiedliche Charaktere. Die wenigsten von Ihnen sind gl\u00fccklich und mit sich und dem Leben in Einklang \u2013 eben auf der \u00dcberholspur. Viele sind im Au\u00dfen viel mit Ablenkung besch\u00e4ftigt, damit sie sich nicht mit ihrem Innersten besch\u00e4ftigen m\u00fcssen und sie brauchen richtig viel Energie um ihre Fassade aufrechtzuerhalten.<\/p>\n\n\n\n<p>Bist Du auch einer von diesen Menschen? Wenn ja, sp\u00fcrst du das Verlangen, endlich richtig durchzustarten? Nicht mehr irgendetwas vorspielen, sondern wirklich sein, so wie du bist und dazu noch gl\u00fccklich?<\/p>\n\n\n\n<p>Ich begleite Dich gerne auf deinem ganz individuellen Weg.<\/p>\n<\/div><\/div>\n\n\n\n<hr class=\"wp-block-separator\"\/>\n\n\n\n<div class=\"wp-block-media-text alignwide has-media-on-the-right is-stacked-on-mobile\"><figure class=\"wp-block-media-text__media\"><img loading=\"lazy\" decoding=\"async\" width=\"640\" height=\"418\" src=\"http:\/\/alexander-manhart.com\/wp-content\/uploads\/2020\/11\/board-3258933_640.jpg\" alt=\"\" class=\"wp-image-130 size-full\" srcset=\"https:\/\/alexander-manhart.com\/wp-content\/uploads\/2020\/11\/board-3258933_640.jpg 640w, https:\/\/alexander-manhart.com\/wp-content\/uploads\/2020\/11\/board-3258933_640-300x196.jpg 300w\" sizes=\"auto, (max-width: 640px) 100vw, 640px\" \/><\/figure><div class=\"wp-block-media-text__content\">\n<p>Wie begleite ich Dich konkret? <\/p>\n\n\n\n<p>Ich begleite Dich in Form von Gespr\u00e4chen, welche je nach Thema, mit verschiedenen Selbsterfahrungs\u00fcbungen  unterst\u00fctzt werden. <\/p>\n\n\n\n<p>Um r\u00e4umliche Distanzen zu \u00fcberbr\u00fccken, nutzen wir eine  Videokonferenzsoftware. Dazu ben\u00f6tigst Du eine stabile Internetverbindung und ein Endger\u00e4t mit Headset (Lautsprecher und Mikrofon).<\/p>\n\n\n\n<p>Zum eigentlichen Ablauf:<\/p>\n\n\n\n<p>Wir vereinbaren einen verbindlichen Termin zu dem ich dir einen Link per E-Mail oder Messenger (z.B. WhatsApp) schicke. Unser Gespr\u00e4ch findet per Videokonferenz in einem gesch\u00fctzten Rahmen statt. Die weiteren Modalit\u00e4ten besprechen wir vorab.<\/p>\n<\/div><\/div>\n","protected":false},"excerpt":{"rendered":"<p>Im Laufe der letzten 13 Jahre habe ich viele Menschen in jeweils unterschiedlichen Kontext kommen und gehen sehen, alles ganz unterschiedliche Charaktere. Die wenigsten von Ihnen sind gl\u00fccklich und mit sich und dem Leben in Einklang \u2013 eben auf der \u00dcberholspur. Viele sind im Au\u00dfen viel mit Ablenkung besch\u00e4ftigt, damit sie sich nicht mit ihrem [&hellip;]<\/p>\n","protected":false},"author":1,"featured_media":0,"parent":0,"menu_order":0,"comment_status":"closed","ping_status":"closed","template":"","meta":{"footnotes":""},"class_list":["post-122","page","type-page","status-publish","hentry"],"_links":{"self":[{"href":"https:\/\/alexander-manhart.com\/index.php?rest_route=\/wp\/v2\/pages\/122","targetHints":{"allow":["GET"]}}],"collection":[{"href":"https:\/\/alexander-manhart.com\/index.php?rest_route=\/wp\/v2\/pages"}],"about":[{"href":"https:\/\/alexander-manhart.com\/index.php?rest_route=\/wp\/v2\/types\/page"}],"author":[{"embeddable":true,"href":"https:\/\/alexander-manhart.com\/index.php?rest_route=\/wp\/v2\/users\/1"}],"replies":[{"embeddable":true,"href":"https:\/\/alexander-manhart.com\/index.php?rest_route=%2Fwp%2Fv2%2Fcomments&post=122"}],"version-history":[{"count":14,"href":"https:\/\/alexander-manhart.com\/index.php?rest_route=\/wp\/v2\/pages\/122\/revisions"}],"predecessor-version":[{"id":147,"href":"https:\/\/alexander-manhart.com\/index.php?rest_route=\/wp\/v2\/pages\/122\/revisions\/147"}],"wp:attachment":[{"href":"https:\/\/alexander-manhart.com\/index.php?rest_route=%2Fwp%2Fv2%2Fmedia&parent=122"}],"curies":[{"name":"wp","href":"https:\/\/api.w.org\/{rel}","templated":true}]}}