{"id":7,"date":"2020-01-01T15:57:24","date_gmt":"2020-01-01T15:57:24","guid":{"rendered":"http:\/\/alexander-manhart.com\/?page_id=7"},"modified":"2025-03-16T11:03:22","modified_gmt":"2025-03-16T11:03:22","slug":"startseite","status":"publish","type":"page","link":"https:\/\/alexander-manhart.com\/","title":{"rendered":"Startseite"},"content":{"rendered":"\n<p>Hallo und herzlich Willkommen auf meiner Internetseite.<br> <br> Mein Name ist Alexander Manhart und ich bin Begleiter f\u00fcr pers\u00f6nliches und berufliches Wachstum. Warum? Ich liebe es Menschen wachsen zu sehen \u2013 \u00fcber sich selbst hinaus. Wir Menschen sind nicht dazu auf dieser Erde, um irgendwie vor uns hinzuvegetieren \u2013 wir sind hier um unser Leben zu genie\u00dfen und in unserer Gr\u00f6\u00dfe zu leben, unsere Tr\u00e4ume zu leben!<br> <br> Durch unsere Erziehung und dem Irrglauben anderen gefallen zu m\u00fcssen, sind wir \u201everkorkst\u201c \u2013 domestiziert \u2013 worden. Unter diesen Voraussetzungen alleine in unsere Gr\u00f6\u00dfe zu kommen ist durchaus m\u00f6glich, doch es geht oft wesentliches schneller, wenn wir uns professionell begleiten lassen. <br> <br> Dies ist also deine Chance, mich als deinen Begleiter zu w\u00e4hlen \u2013 trau dich!<\/p>\n\n\n\n<p><\/p>\n\n\n<div class=\"wp-block-image\">\n<figure class=\"aligncenter size-large\"><img loading=\"lazy\" decoding=\"async\" width=\"412\" height=\"291\" src=\"https:\/\/alexander-manhart.com\/wp-content\/uploads\/2020\/02\/Fotolia_31453_XS.jpg\" alt=\"\" class=\"wp-image-95\" srcset=\"https:\/\/alexander-manhart.com\/wp-content\/uploads\/2020\/02\/Fotolia_31453_XS.jpg 412w, https:\/\/alexander-manhart.com\/wp-content\/uploads\/2020\/02\/Fotolia_31453_XS-300x212.jpg 300w\" sizes=\"auto, (max-width: 412px) 100vw, 412px\" \/><\/figure>\n<\/div>\n\n\n<p><\/p>\n\n\n\n<p><\/p>\n","protected":false},"excerpt":{"rendered":"<p>Hallo und herzlich Willkommen auf meiner Internetseite. Mein Name ist Alexander Manhart und ich bin Begleiter f\u00fcr pers\u00f6nliches und berufliches Wachstum. Warum? Ich liebe es Menschen wachsen zu sehen \u2013 \u00fcber sich selbst hinaus. Wir Menschen sind nicht dazu auf dieser Erde, um irgendwie vor uns hinzuvegetieren \u2013 wir sind hier um unser Leben zu [&hellip;]<\/p>\n","protected":false},"author":1,"featured_media":0,"parent":0,"menu_order":0,"comment_status":"closed","ping_status":"closed","template":"","meta":{"footnotes":""},"class_list":["post-7","page","type-page","status-publish","hentry"],"_links":{"self":[{"href":"https:\/\/alexander-manhart.com\/index.php?rest_route=\/wp\/v2\/pages\/7","targetHints":{"allow":["GET"]}}],"collection":[{"href":"https:\/\/alexander-manhart.com\/index.php?rest_route=\/wp\/v2\/pages"}],"about":[{"href":"https:\/\/alexander-manhart.com\/index.php?rest_route=\/wp\/v2\/types\/page"}],"author":[{"embeddable":true,"href":"https:\/\/alexander-manhart.com\/index.php?rest_route=\/wp\/v2\/users\/1"}],"replies":[{"embeddable":true,"href":"https:\/\/alexander-manhart.com\/index.php?rest_route=%2Fwp%2Fv2%2Fcomments&post=7"}],"version-history":[{"count":9,"href":"https:\/\/alexander-manhart.com\/index.php?rest_route=\/wp\/v2\/pages\/7\/revisions"}],"predecessor-version":[{"id":168,"href":"https:\/\/alexander-manhart.com\/index.php?rest_route=\/wp\/v2\/pages\/7\/revisions\/168"}],"wp:attachment":[{"href":"https:\/\/alexander-manhart.com\/index.php?rest_route=%2Fwp%2Fv2%2Fmedia&parent=7"}],"curies":[{"name":"wp","href":"https:\/\/api.w.org\/{rel}","templated":true}]}}